{"id":373,"date":"2018-12-13T12:42:40","date_gmt":"2018-12-13T11:42:40","guid":{"rendered":"http:\/\/louisedutheil.com\/roadtrip\/?page_id=373"},"modified":"2019-06-28T18:29:19","modified_gmt":"2019-06-28T16:29:19","slug":"photography","status":"publish","type":"page","link":"http:\/\/louisedutheil.com\/roadtrip\/photography\/","title":{"rendered":"Photography"},"content":{"rendered":"\t\t<div data-elementor-type=\"wp-post\" data-elementor-id=\"373\" class=\"elementor elementor-373\" data-elementor-settings=\"[]\">\n\t\t\t\t\t\t<div class=\"elementor-inner\">\n\t\t\t\t\t\t\t<div class=\"elementor-section-wrap\">\n\t\t\t\t\t\t\t<section class=\"elementor-section elementor-top-section elementor-element elementor-element-ec73bf9 elementor-section-boxed elementor-section-height-default elementor-section-height-default\" data-id=\"ec73bf9\" data-element_type=\"section\">\n\t\t\t\t\t\t<div class=\"elementor-container elementor-column-gap-default\">\n\t\t\t\t\t\t\t<div class=\"elementor-row\">\n\t\t\t\t\t<div class=\"elementor-column elementor-col-100 elementor-top-column elementor-element elementor-element-0fc7b84\" data-id=\"0fc7b84\" data-element_type=\"column\">\n\t\t\t<div class=\"elementor-column-wrap elementor-element-populated\">\n\t\t\t\t\t\t\t<div class=\"elementor-widget-wrap\">\n\t\t\t\t\t\t<div class=\"elementor-element elementor-element-76ea53a elementor-widget elementor-widget-heading\" data-id=\"76ea53a\" data-element_type=\"widget\" data-widget_type=\"heading.default\">\n\t\t\t\t<div class=\"elementor-widget-container\">\n\t\t\t<h2 class=\"elementor-heading-title elementor-size-default\"><a href=\"http:\/\/louisedutheil.com\/roadtrip\/2019\/06\/28\/tenerife-photos\/\">Tenerife<\/a><\/h2>\t\t<\/div>\n\t\t\t\t<\/div>\n\t\t\t\t<div class=\"elementor-element elementor-element-7e3a2da elementor-widget elementor-widget-image\" data-id=\"7e3a2da\" data-element_type=\"widget\" data-widget_type=\"image.default\">\n\t\t\t\t<div class=\"elementor-widget-container\">\n\t\t\t\t\t\t\t\t<div class=\"elementor-image\">\n\t\t\t\t\t\t\t\t\t\t\t\t\t<a href=\"http:\/\/louisedutheil.com\/roadtrip\/2019\/06\/28\/tenerife-photos\/\">\n\t\t\t\t\t\t\t<img width=\"1024\" height=\"621\" src=\"https:\/\/i0.wp.com\/louisedutheil.com\/roadtrip\/wp-content\/uploads\/2019\/06\/P1070458-2.jpg?fit=1024%2C621\" class=\"attachment-large size-large\" alt=\"\" loading=\"lazy\" srcset=\"https:\/\/i0.wp.com\/louisedutheil.com\/roadtrip\/wp-content\/uploads\/2019\/06\/P1070458-2.jpg?w=4519 4519w, https:\/\/i0.wp.com\/louisedutheil.com\/roadtrip\/wp-content\/uploads\/2019\/06\/P1070458-2.jpg?resize=300%2C182 300w, https:\/\/i0.wp.com\/louisedutheil.com\/roadtrip\/wp-content\/uploads\/2019\/06\/P1070458-2.jpg?resize=768%2C466 768w, https:\/\/i0.wp.com\/louisedutheil.com\/roadtrip\/wp-content\/uploads\/2019\/06\/P1070458-2.jpg?resize=1024%2C621 1024w, https:\/\/i0.wp.com\/louisedutheil.com\/roadtrip\/wp-content\/uploads\/2019\/06\/P1070458-2.jpg?w=2200 2200w, https:\/\/i0.wp.com\/louisedutheil.com\/roadtrip\/wp-content\/uploads\/2019\/06\/P1070458-2.jpg?w=3300 3300w\" sizes=\"(max-width: 1024px) 100vw, 1024px\" data-attachment-id=\"799\" data-permalink=\"http:\/\/louisedutheil.com\/roadtrip\/p1070458-2\/\" data-orig-file=\"https:\/\/i0.wp.com\/louisedutheil.com\/roadtrip\/wp-content\/uploads\/2019\/06\/P1070458-2.jpg?fit=4519%2C2740\" data-orig-size=\"4519,2740\" data-comments-opened=\"1\" data-image-meta=\"{&quot;aperture&quot;:&quot;13&quot;,&quot;credit&quot;:&quot;&quot;,&quot;camera&quot;:&quot;DMC-GX80&quot;,&quot;caption&quot;:&quot;&quot;,&quot;created_timestamp&quot;:&quot;1551972068&quot;,&quot;copyright&quot;:&quot;&quot;,&quot;focal_length&quot;:&quot;12&quot;,&quot;iso&quot;:&quot;400&quot;,&quot;shutter_speed&quot;:&quot;0.04&quot;,&quot;title&quot;:&quot;&quot;,&quot;orientation&quot;:&quot;0&quot;}\" data-image-title=\"Tenerife-Romane-parc-botanique\" data-image-description=\"\" data-medium-file=\"https:\/\/i0.wp.com\/louisedutheil.com\/roadtrip\/wp-content\/uploads\/2019\/06\/P1070458-2.jpg?fit=300%2C182\" data-large-file=\"https:\/\/i0.wp.com\/louisedutheil.com\/roadtrip\/wp-content\/uploads\/2019\/06\/P1070458-2.jpg?fit=1024%2C621\" \/>\t\t\t\t\t\t\t\t<\/a>\n\t\t\t\t\t\t\t\t\t\t\t\t\t\t<\/div>\n\t\t\t\t\t\t<\/div>\n\t\t\t\t<\/div>\n\t\t\t\t<div class=\"elementor-element elementor-element-944e77a elementor-widget elementor-widget-heading\" data-id=\"944e77a\" data-element_type=\"widget\" data-widget_type=\"heading.default\">\n\t\t\t\t<div class=\"elementor-widget-container\">\n\t\t\t<h2 class=\"elementor-heading-title elementor-size-default\"><a href=\"http:\/\/louisedutheil.com\/roadtrip\/2019\/03\/27\/lile-de-skye\/\">L'\u00eele de Skye<\/a><\/h2>\t\t<\/div>\n\t\t\t\t<\/div>\n\t\t\t\t\t\t<\/div>\n\t\t\t\t\t<\/div>\n\t\t<\/div>\n\t\t\t\t\t\t\t\t<\/div>\n\t\t\t\t\t<\/div>\n\t\t<\/section>\n\t\t\t\t<section class=\"elementor-section elementor-top-section elementor-element elementor-element-4c614e0 elementor-section-boxed elementor-section-height-default elementor-section-height-default\" data-id=\"4c614e0\" data-element_type=\"section\">\n\t\t\t\t\t\t<div class=\"elementor-container elementor-column-gap-default\">\n\t\t\t\t\t\t\t<div class=\"elementor-row\">\n\t\t\t\t\t<div class=\"elementor-column elementor-col-100 elementor-top-column elementor-element elementor-element-e654d30\" data-id=\"e654d30\" data-element_type=\"column\">\n\t\t\t<div class=\"elementor-column-wrap elementor-element-populated\">\n\t\t\t\t\t\t\t<div class=\"elementor-widget-wrap\">\n\t\t\t\t\t\t<div class=\"elementor-element elementor-element-daafb07 elementor-widget elementor-widget-image\" data-id=\"daafb07\" data-element_type=\"widget\" data-widget_type=\"image.default\">\n\t\t\t\t<div class=\"elementor-widget-container\">\n\t\t\t\t\t\t\t\t<div class=\"elementor-image\">\n\t\t\t\t\t\t\t\t\t\t\t\t\t<a href=\"http:\/\/louisedutheil.com\/roadtrip\/2019\/03\/27\/lile-de-skye\/\">\n\t\t\t\t\t\t\t<img width=\"1024\" height=\"653\" src=\"https:\/\/i0.wp.com\/louisedutheil.com\/roadtrip\/wp-content\/uploads\/2019\/03\/P1060365.jpg?fit=1024%2C653\" class=\"attachment-large size-large\" alt=\"\" loading=\"lazy\" srcset=\"https:\/\/i0.wp.com\/louisedutheil.com\/roadtrip\/wp-content\/uploads\/2019\/03\/P1060365.jpg?w=4590 4590w, https:\/\/i0.wp.com\/louisedutheil.com\/roadtrip\/wp-content\/uploads\/2019\/03\/P1060365.jpg?resize=300%2C191 300w, https:\/\/i0.wp.com\/louisedutheil.com\/roadtrip\/wp-content\/uploads\/2019\/03\/P1060365.jpg?resize=768%2C490 768w, https:\/\/i0.wp.com\/louisedutheil.com\/roadtrip\/wp-content\/uploads\/2019\/03\/P1060365.jpg?resize=1024%2C653 1024w, https:\/\/i0.wp.com\/louisedutheil.com\/roadtrip\/wp-content\/uploads\/2019\/03\/P1060365.jpg?w=2200 2200w, https:\/\/i0.wp.com\/louisedutheil.com\/roadtrip\/wp-content\/uploads\/2019\/03\/P1060365.jpg?w=3300 3300w\" sizes=\"(max-width: 1024px) 100vw, 1024px\" data-attachment-id=\"552\" data-permalink=\"http:\/\/louisedutheil.com\/roadtrip\/p1060365\/\" data-orig-file=\"https:\/\/i0.wp.com\/louisedutheil.com\/roadtrip\/wp-content\/uploads\/2019\/03\/P1060365.jpg?fit=4590%2C2926\" data-orig-size=\"4590,2926\" data-comments-opened=\"1\" data-image-meta=\"{&quot;aperture&quot;:&quot;11&quot;,&quot;credit&quot;:&quot;&quot;,&quot;camera&quot;:&quot;DMC-GX80&quot;,&quot;caption&quot;:&quot;&quot;,&quot;created_timestamp&quot;:&quot;1543924800&quot;,&quot;copyright&quot;:&quot;&quot;,&quot;focal_length&quot;:&quot;12&quot;,&quot;iso&quot;:&quot;200&quot;,&quot;shutter_speed&quot;:&quot;0.01&quot;,&quot;title&quot;:&quot;&quot;,&quot;orientation&quot;:&quot;0&quot;}\" data-image-title=\"Scotland &#8211; Isle of Skye &#8211; The Quiraing\" data-image-description=\"\" data-medium-file=\"https:\/\/i0.wp.com\/louisedutheil.com\/roadtrip\/wp-content\/uploads\/2019\/03\/P1060365.jpg?fit=300%2C191\" data-large-file=\"https:\/\/i0.wp.com\/louisedutheil.com\/roadtrip\/wp-content\/uploads\/2019\/03\/P1060365.jpg?fit=1024%2C653\" \/>\t\t\t\t\t\t\t\t<\/a>\n\t\t\t\t\t\t\t\t\t\t\t\t\t\t<\/div>\n\t\t\t\t\t\t<\/div>\n\t\t\t\t<\/div>\n\t\t\t\t\t\t<\/div>\n\t\t\t\t\t<\/div>\n\t\t<\/div>\n\t\t\t\t\t\t\t\t<\/div>\n\t\t\t\t\t<\/div>\n\t\t<\/section>\n\t\t\t\t<section class=\"elementor-section elementor-top-section elementor-element elementor-element-a2af31c elementor-section-boxed elementor-section-height-default elementor-section-height-default\" data-id=\"a2af31c\" data-element_type=\"section\">\n\t\t\t\t\t\t<div class=\"elementor-container elementor-column-gap-default\">\n\t\t\t\t\t\t\t<div class=\"elementor-row\">\n\t\t\t\t\t<div class=\"elementor-column elementor-col-100 elementor-top-column elementor-element elementor-element-3124168\" data-id=\"3124168\" data-element_type=\"column\">\n\t\t\t<div class=\"elementor-column-wrap elementor-element-populated\">\n\t\t\t\t\t\t\t<div class=\"elementor-widget-wrap\">\n\t\t\t\t\t\t<div class=\"elementor-element elementor-element-2aebc97 elementor-widget elementor-widget-heading\" data-id=\"2aebc97\" data-element_type=\"widget\" data-widget_type=\"heading.default\">\n\t\t\t\t<div class=\"elementor-widget-container\">\n\t\t\t<h2 class=\"elementor-heading-title elementor-size-default\"><a href=\"http:\/\/louisedutheil.com\/roadtrip\/ireland\/\">Ireland<\/a><\/h2>\t\t<\/div>\n\t\t\t\t<\/div>\n\t\t\t\t\t\t<\/div>\n\t\t\t\t\t<\/div>\n\t\t<\/div>\n\t\t\t\t\t\t\t\t<\/div>\n\t\t\t\t\t<\/div>\n\t\t<\/section>\n\t\t\t\t<section class=\"elementor-section elementor-top-section elementor-element elementor-element-b91e19a elementor-section-boxed elementor-section-height-default elementor-section-height-default\" data-id=\"b91e19a\" data-element_type=\"section\">\n\t\t\t\t\t\t<div class=\"elementor-container elementor-column-gap-default\">\n\t\t\t\t\t\t\t<div class=\"elementor-row\">\n\t\t\t\t\t<div class=\"elementor-column elementor-col-100 elementor-top-column elementor-element elementor-element-61a7713\" data-id=\"61a7713\" data-element_type=\"column\">\n\t\t\t<div class=\"elementor-column-wrap elementor-element-populated\">\n\t\t\t\t\t\t\t<div class=\"elementor-widget-wrap\">\n\t\t\t\t\t\t<div class=\"elementor-element elementor-element-2c236fe elementor-widget elementor-widget-image\" data-id=\"2c236fe\" data-element_type=\"widget\" data-widget_type=\"image.default\">\n\t\t\t\t<div class=\"elementor-widget-container\">\n\t\t\t\t\t\t\t\t<div class=\"elementor-image\">\n\t\t\t\t\t\t\t\t\t\t\t\t\t<a href=\"http:\/\/louisedutheil.com\/roadtrip\/ireland\">\n\t\t\t\t\t\t\t<img width=\"1024\" height=\"748\" src=\"https:\/\/i0.wp.com\/louisedutheil.com\/roadtrip\/wp-content\/uploads\/2018\/11\/P1050162.jpg?fit=1024%2C748\" class=\"attachment-large size-large\" alt=\"\" loading=\"lazy\" srcset=\"https:\/\/i0.wp.com\/louisedutheil.com\/roadtrip\/wp-content\/uploads\/2018\/11\/P1050162.jpg?w=4417 4417w, https:\/\/i0.wp.com\/louisedutheil.com\/roadtrip\/wp-content\/uploads\/2018\/11\/P1050162.jpg?resize=300%2C219 300w, https:\/\/i0.wp.com\/louisedutheil.com\/roadtrip\/wp-content\/uploads\/2018\/11\/P1050162.jpg?resize=768%2C561 768w, https:\/\/i0.wp.com\/louisedutheil.com\/roadtrip\/wp-content\/uploads\/2018\/11\/P1050162.jpg?resize=1024%2C748 1024w, https:\/\/i0.wp.com\/louisedutheil.com\/roadtrip\/wp-content\/uploads\/2018\/11\/P1050162.jpg?w=2200 2200w, https:\/\/i0.wp.com\/louisedutheil.com\/roadtrip\/wp-content\/uploads\/2018\/11\/P1050162.jpg?w=3300 3300w\" sizes=\"(max-width: 1024px) 100vw, 1024px\" data-attachment-id=\"275\" data-permalink=\"http:\/\/louisedutheil.com\/roadtrip\/photography\/ireland\/p1050162\/\" data-orig-file=\"https:\/\/i0.wp.com\/louisedutheil.com\/roadtrip\/wp-content\/uploads\/2018\/11\/P1050162.jpg?fit=4417%2C3227\" data-orig-size=\"4417,3227\" data-comments-opened=\"1\" data-image-meta=\"{&quot;aperture&quot;:&quot;6.3&quot;,&quot;credit&quot;:&quot;&quot;,&quot;camera&quot;:&quot;DMC-GX80&quot;,&quot;caption&quot;:&quot;&quot;,&quot;created_timestamp&quot;:&quot;1541680791&quot;,&quot;copyright&quot;:&quot;&quot;,&quot;focal_length&quot;:&quot;14&quot;,&quot;iso&quot;:&quot;200&quot;,&quot;shutter_speed&quot;:&quot;0.00625&quot;,&quot;title&quot;:&quot;&quot;,&quot;orientation&quot;:&quot;0&quot;}\" data-image-title=\"Dublin &#8211; Bar Lounge\" data-image-description=\"\" data-medium-file=\"https:\/\/i0.wp.com\/louisedutheil.com\/roadtrip\/wp-content\/uploads\/2018\/11\/P1050162.jpg?fit=300%2C219\" data-large-file=\"https:\/\/i0.wp.com\/louisedutheil.com\/roadtrip\/wp-content\/uploads\/2018\/11\/P1050162.jpg?fit=1024%2C748\" \/>\t\t\t\t\t\t\t\t<\/a>\n\t\t\t\t\t\t\t\t\t\t\t\t\t\t<\/div>\n\t\t\t\t\t\t<\/div>\n\t\t\t\t<\/div>\n\t\t\t\t\t\t<\/div>\n\t\t\t\t\t<\/div>\n\t\t<\/div>\n\t\t\t\t\t\t\t\t<\/div>\n\t\t\t\t\t<\/div>\n\t\t<\/section>\n\t\t\t\t\t\t<\/div>\n\t\t\t\t\t\t<\/div>\n\t\t\t\t\t<\/div>\n\t\t","protected":false},"excerpt":{"rendered":"<p>Tenerife L&rsquo;\u00eele de Skye Ireland<\/p>\n","protected":false},"author":1,"featured_media":0,"parent":0,"menu_order":0,"comment_status":"closed","ping_status":"closed","template":"","meta":{"spay_email":""},"jetpack_sharing_enabled":true,"jetpack_shortlink":"https:\/\/wp.me\/P9W7yA-61","jetpack-related-posts":[{"id":210,"url":"http:\/\/louisedutheil.com\/roadtrip\/photography\/ireland\/","url_meta":{"origin":373,"position":0},"title":"Ireland","date":"1 octobre 2018","format":false,"excerpt":"Dublin Connemara","rel":"","context":"Article similaire","img":{"alt_text":"","src":"https:\/\/i0.wp.com\/louisedutheil.com\/roadtrip\/wp-content\/uploads\/2018\/11\/P1050175-1024x683.jpg?resize=350%2C200","width":350,"height":200},"classes":[]},{"id":212,"url":"http:\/\/louisedutheil.com\/roadtrip\/about\/","url_meta":{"origin":373,"position":1},"title":"About","date":"1 octobre 2018","format":false,"excerpt":"Bonjour tout le monde, moi c\u2019est Romane, j\u2019ai bient\u00f4t 21 ans et je suis une Haut-Marnaise dans l\u2019\u00e2me. Ce petit d\u00e9partement paum\u00e9 en pleine campagne m\u2019a appris \u00e0 aimer la nature, les animaux, les randos et la photographie. C\u2019est donc pour \u00e7a qu\u2019apr\u00e8s 3 ans d\u2019\u00e9tudes j\u2019ai valid\u00e9 ma licence\u2026","rel":"","context":"Article similaire","img":{"alt_text":"","src":"https:\/\/i2.wp.com\/louisedutheil.com\/roadtrip\/wp-content\/uploads\/2018\/11\/IMG_0337-666x1024.jpg?resize=350%2C200","width":350,"height":200},"classes":[]},{"id":385,"url":"http:\/\/louisedutheil.com\/roadtrip\/articles-2\/","url_meta":{"origin":373,"position":2},"title":"Articles","date":"13 d\u00e9cembre 2018","format":false,"excerpt":"Check List Partie III Manger une sucette \u00e0 la beuh \u00e0 Amsterdam. Faire du v\u00e9lo dans les champs de tulipes. Visiter le clocher d\u2019une basilique belge. Sentir que les pintes de bi\u00e8res belges font plus d\u2019effet que les pintes irlandaises. Visiter la Petite France de Strasbourg en v\u00e9lo sous la\u2026","rel":"","context":"Article similaire","img":{"alt_text":"","src":"https:\/\/i0.wp.com\/louisedutheil.com\/roadtrip\/wp-content\/uploads\/2019\/05\/palmiers-masca-1024x683.jpg?resize=350%2C200","width":350,"height":200},"classes":[]}],"_links":{"self":[{"href":"http:\/\/louisedutheil.com\/roadtrip\/wp-json\/wp\/v2\/pages\/373"}],"collection":[{"href":"http:\/\/louisedutheil.com\/roadtrip\/wp-json\/wp\/v2\/pages"}],"about":[{"href":"http:\/\/louisedutheil.com\/roadtrip\/wp-json\/wp\/v2\/types\/page"}],"author":[{"embeddable":true,"href":"http:\/\/louisedutheil.com\/roadtrip\/wp-json\/wp\/v2\/users\/1"}],"replies":[{"embeddable":true,"href":"http:\/\/louisedutheil.com\/roadtrip\/wp-json\/wp\/v2\/comments?post=373"}],"version-history":[{"count":7,"href":"http:\/\/louisedutheil.com\/roadtrip\/wp-json\/wp\/v2\/pages\/373\/revisions"}],"predecessor-version":[{"id":827,"href":"http:\/\/louisedutheil.com\/roadtrip\/wp-json\/wp\/v2\/pages\/373\/revisions\/827"}],"wp:attachment":[{"href":"http:\/\/louisedutheil.com\/roadtrip\/wp-json\/wp\/v2\/media?parent=373"}],"curies":[{"name":"wp","href":"https:\/\/api.w.org\/{rel}","templated":true}]}}