{"id":212,"date":"2018-10-01T16:38:25","date_gmt":"2018-10-01T14:38:25","guid":{"rendered":"http:\/\/louisedutheil.com\/wordpress\/?page_id=212"},"modified":"2018-12-07T18:47:14","modified_gmt":"2018-12-07T17:47:14","slug":"about","status":"publish","type":"page","link":"http:\/\/louisedutheil.com\/roadtrip\/about\/","title":{"rendered":"About"},"content":{"rendered":"\t\t<div data-elementor-type=\"wp-post\" data-elementor-id=\"212\" class=\"elementor elementor-212 elementor-bc-flex-widget\" data-elementor-settings=\"[]\">\n\t\t\t\t\t\t<div class=\"elementor-inner\">\n\t\t\t\t\t\t\t<div class=\"elementor-section-wrap\">\n\t\t\t\t\t\t\t<section class=\"elementor-section elementor-top-section elementor-element elementor-element-8ad03f6 elementor-section-stretched elementor-section-boxed elementor-section-height-default elementor-section-height-default\" data-id=\"8ad03f6\" data-element_type=\"section\" data-settings=\"{&quot;stretch_section&quot;:&quot;section-stretched&quot;}\">\n\t\t\t\t\t\t<div class=\"elementor-container elementor-column-gap-default\">\n\t\t\t\t\t\t\t<div class=\"elementor-row\">\n\t\t\t\t\t<div class=\"elementor-column elementor-col-100 elementor-top-column elementor-element elementor-element-1b00e18\" data-id=\"1b00e18\" data-element_type=\"column\">\n\t\t\t<div class=\"elementor-column-wrap elementor-element-populated\">\n\t\t\t\t\t\t\t<div class=\"elementor-widget-wrap\">\n\t\t\t\t\t\t<section class=\"elementor-section elementor-inner-section elementor-element elementor-element-91ef43f elementor-section-boxed elementor-section-height-default elementor-section-height-default\" data-id=\"91ef43f\" data-element_type=\"section\">\n\t\t\t\t\t\t<div class=\"elementor-container elementor-column-gap-default\">\n\t\t\t\t\t\t\t<div class=\"elementor-row\">\n\t\t\t\t\t<div class=\"elementor-column elementor-col-50 elementor-inner-column elementor-element elementor-element-792241b\" data-id=\"792241b\" data-element_type=\"column\">\n\t\t\t<div class=\"elementor-column-wrap elementor-element-populated\">\n\t\t\t\t\t\t\t<div class=\"elementor-widget-wrap\">\n\t\t\t\t\t\t<div class=\"elementor-element elementor-element-904f89d elementor-widget elementor-widget-image\" data-id=\"904f89d\" data-element_type=\"widget\" data-widget_type=\"image.default\">\n\t\t\t\t<div class=\"elementor-widget-container\">\n\t\t\t\t\t\t\t\t<div class=\"elementor-image\">\n\t\t\t\t\t\t\t\t\t\t\t\t<img width=\"666\" height=\"1024\" src=\"https:\/\/i1.wp.com\/louisedutheil.com\/roadtrip\/wp-content\/uploads\/2018\/11\/IMG_0337.jpg?fit=666%2C1024\" class=\"attachment-large size-large\" alt=\"\" loading=\"lazy\" srcset=\"https:\/\/i1.wp.com\/louisedutheil.com\/roadtrip\/wp-content\/uploads\/2018\/11\/IMG_0337.jpg?w=2063 2063w, https:\/\/i1.wp.com\/louisedutheil.com\/roadtrip\/wp-content\/uploads\/2018\/11\/IMG_0337.jpg?resize=195%2C300 195w, https:\/\/i1.wp.com\/louisedutheil.com\/roadtrip\/wp-content\/uploads\/2018\/11\/IMG_0337.jpg?resize=768%2C1182 768w, https:\/\/i1.wp.com\/louisedutheil.com\/roadtrip\/wp-content\/uploads\/2018\/11\/IMG_0337.jpg?resize=666%2C1024 666w\" sizes=\"(max-width: 666px) 100vw, 666px\" data-attachment-id=\"263\" data-permalink=\"http:\/\/louisedutheil.com\/roadtrip\/about\/img_0337\/\" data-orig-file=\"https:\/\/i1.wp.com\/louisedutheil.com\/roadtrip\/wp-content\/uploads\/2018\/11\/IMG_0337.jpg?fit=2063%2C3174\" data-orig-size=\"2063,3174\" data-comments-opened=\"1\" data-image-meta=\"{&quot;aperture&quot;:&quot;0&quot;,&quot;credit&quot;:&quot;&quot;,&quot;camera&quot;:&quot;&quot;,&quot;caption&quot;:&quot;&quot;,&quot;created_timestamp&quot;:&quot;0&quot;,&quot;copyright&quot;:&quot;&quot;,&quot;focal_length&quot;:&quot;0&quot;,&quot;iso&quot;:&quot;0&quot;,&quot;shutter_speed&quot;:&quot;0&quot;,&quot;title&quot;:&quot;&quot;,&quot;orientation&quot;:&quot;0&quot;}\" data-image-title=\"Romane Brayer\" data-image-description=\"\" data-medium-file=\"https:\/\/i1.wp.com\/louisedutheil.com\/roadtrip\/wp-content\/uploads\/2018\/11\/IMG_0337.jpg?fit=195%2C300\" data-large-file=\"https:\/\/i1.wp.com\/louisedutheil.com\/roadtrip\/wp-content\/uploads\/2018\/11\/IMG_0337.jpg?fit=666%2C1024\" \/>\t\t\t\t\t\t\t\t\t\t\t\t\t\t<\/div>\n\t\t\t\t\t\t<\/div>\n\t\t\t\t<\/div>\n\t\t\t\t\t\t<\/div>\n\t\t\t\t\t<\/div>\n\t\t<\/div>\n\t\t\t\t<div class=\"elementor-column elementor-col-50 elementor-inner-column elementor-element elementor-element-282e00c\" data-id=\"282e00c\" data-element_type=\"column\">\n\t\t\t<div class=\"elementor-column-wrap elementor-element-populated\">\n\t\t\t\t\t\t\t<div class=\"elementor-widget-wrap\">\n\t\t\t\t\t\t<div class=\"elementor-element elementor-element-c8a00ff elementor-widget elementor-widget-text-editor\" data-id=\"c8a00ff\" data-element_type=\"widget\" data-widget_type=\"text-editor.default\">\n\t\t\t\t<div class=\"elementor-widget-container\">\n\t\t\t\t\t\t\t\t<div class=\"elementor-text-editor elementor-clearfix\">\n\t\t\t\t\t<p><span style=\"font-weight: 400;\">Bonjour tout le monde, moi c\u2019est Romane, j\u2019ai bient\u00f4t 21 ans et je suis une Haut-Marnaise dans l\u2019\u00e2me. Ce petit d\u00e9partement paum\u00e9 en pleine campagne m\u2019a appris \u00e0 aimer la nature, les animaux, les randos et la photographie. C\u2019est donc pour \u00e7a qu\u2019apr\u00e8s 3 ans d\u2019\u00e9tudes j\u2019ai valid\u00e9 ma licence en biologie sp\u00e9cialis\u00e9e en comportement animal et respect de la biodiversit\u00e9, \u00e0 l\u2019Universit\u00e9 de Bourgogne, \u00e0 Dijon. Dipl\u00f4me en poche, j\u2019ai d\u00e9cid\u00e9 de prendre une ann\u00e9e sabbatique afin de d\u00e9couvrir le monde qui nous entoure et d\u2019explorer quelques pays Europ\u00e9ens.<\/span><\/p><p><span style=\"font-weight: 400;\">Je suis curieuse de tout, je veux photographier de splendides paysages, visiter les plus grandes villes, rencontrer et discuter avec des \u00e9trangers, et vivre une exp\u00e9rience qui me marquera \u00e0 vie. En bref, je veux vivre un de mes r\u00eaves, pour ne rien regretter. Petit d\u00e9tail: l\u2019anglais et moi \u00e7a fait deux, c\u2019est aussi pour \u00e7a que je veux partir \u00e0 la d\u00e9couverte de ces cultures, afin de pouvoir parler cette langue au mieux \u00e0 mon retour.<\/span><\/p><p><span style=\"font-weight: 400;\">Alors oui, pour vivre tout \u00e7a, j\u2019ai pris mon courage \u00e0 deux mains, mon sac \u00e0 dos de 20kg, ma copine et je suis partie vivre \u00e0 fond cette aventure, un peu dans l\u2019inconnu, mais j\u2019ai tellement h\u00e2te de partager tout \u00e7a avec vous ! <\/span><\/p>\t\t\t\t\t<\/div>\n\t\t\t\t\t\t<\/div>\n\t\t\t\t<\/div>\n\t\t\t\t\t\t<\/div>\n\t\t\t\t\t<\/div>\n\t\t<\/div>\n\t\t\t\t\t\t\t\t<\/div>\n\t\t\t\t\t<\/div>\n\t\t<\/section>\n\t\t\t\t\t\t<\/div>\n\t\t\t\t\t<\/div>\n\t\t<\/div>\n\t\t\t\t\t\t\t\t<\/div>\n\t\t\t\t\t<\/div>\n\t\t<\/section>\n\t\t\t\t<section class=\"elementor-section elementor-top-section elementor-element elementor-element-0b836c5 elementor-section-stretched elementor-section-boxed elementor-section-height-default elementor-section-height-default\" data-id=\"0b836c5\" data-element_type=\"section\" data-settings=\"{&quot;stretch_section&quot;:&quot;section-stretched&quot;}\">\n\t\t\t\t\t\t<div class=\"elementor-container elementor-column-gap-default\">\n\t\t\t\t\t\t\t<div class=\"elementor-row\">\n\t\t\t\t\t<div class=\"elementor-column elementor-col-100 elementor-top-column elementor-element elementor-element-b14eb25\" data-id=\"b14eb25\" data-element_type=\"column\">\n\t\t\t<div class=\"elementor-column-wrap elementor-element-populated\">\n\t\t\t\t\t\t\t<div class=\"elementor-widget-wrap\">\n\t\t\t\t\t\t<div class=\"elementor-element elementor-element-53564b8 elementor-widget-divider--view-line elementor-widget elementor-widget-divider\" data-id=\"53564b8\" data-element_type=\"widget\" data-widget_type=\"divider.default\">\n\t\t\t\t<div class=\"elementor-widget-container\">\n\t\t\t\t\t<div class=\"elementor-divider\">\n\t\t\t<span class=\"elementor-divider-separator\">\n\t\t\t\t\t\t<\/span>\n\t\t<\/div>\n\t\t\t\t<\/div>\n\t\t\t\t<\/div>\n\t\t\t\t<section class=\"elementor-section elementor-inner-section elementor-element elementor-element-ddb6e56 elementor-section-boxed elementor-section-height-default elementor-section-height-default\" data-id=\"ddb6e56\" data-element_type=\"section\">\n\t\t\t\t\t\t<div class=\"elementor-container elementor-column-gap-default\">\n\t\t\t\t\t\t\t<div class=\"elementor-row\">\n\t\t\t\t\t<div class=\"elementor-column elementor-col-50 elementor-inner-column elementor-element elementor-element-086918e\" data-id=\"086918e\" data-element_type=\"column\">\n\t\t\t<div class=\"elementor-column-wrap elementor-element-populated\">\n\t\t\t\t\t\t\t<div class=\"elementor-widget-wrap\">\n\t\t\t\t\t\t<div class=\"elementor-element elementor-element-07e36ad elementor-widget elementor-widget-text-editor\" data-id=\"07e36ad\" data-element_type=\"widget\" data-widget_type=\"text-editor.default\">\n\t\t\t\t<div class=\"elementor-widget-container\">\n\t\t\t\t\t\t\t\t<div class=\"elementor-text-editor elementor-clearfix\">\n\t\t\t\t\t<p><span style=\"font-weight: 400;\">Alors moi c\u2019est Louise, j\u2019ai 21 ans et je viens de Haute-Marne, s\u00fbrement un des coins les plus peupl\u00e9 de France. Apr\u00e8s avoir valid\u00e9 un DUT dans le domaine de la communication et du graphisme, je me suis d\u00e9j\u00e0 lanc\u00e9e dans une premi\u00e8re aventure : partir compl\u00e9ter ma formation avec une licence en alternance. Mais pourquoi faire simple quand on peut faire compliqu\u00e9 ? Du coup pour \u00e7a, je suis partie en Corse ! <\/span><\/p><p><span style=\"font-weight: 400;\">D\u00e9j\u00e0 pr\u00e9sente chez moi avant mon d\u00e9part, ce premier voyage \u00e0 confirm\u00e9 mon envie de partir d\u00e9couvrir de nouveaux pays. J\u2019ai d\u00e9couvert l\u00e0-bas des paysages magnifiques qui m\u2019ont donn\u00e9 le go\u00fbt de la photographie, v\u00e9cu des gal\u00e8res qui ne m\u2019ont pour autant pas d\u00e9courag\u00e9es et rencontr\u00e9 des gens avec lesquels j\u2019esp\u00e8re garder contact.\u00a0<\/span>Alors oui par contre, l\u2019avantage de la Corse, c\u2019est que malgr\u00e9 l\u2019accent et les expressions, ils parlent Fran\u00e7ais ! C\u2019est beaucoup plus facile de se faire comprendre quand son niveau en langue n\u2019est pas aussi proche du n\u00e9ant. Mais c\u2019est aussi un des points qui nous a fait partir dans des pays anglophones, parce que l\u2019anglais est devenu tellement important de nos jours.<\/p><p><span style=\"font-weight: 400;\">Du coup on a pris notre sac \u00e0 dos et notre motivation pour rejoindre l\u2019Irlande. Oui oui l\u2019Irlande ! On aurait pu choisir une destination o\u00f9 il fait beau et chaud mais non on \u00e0 pris l\u2019Irlande, d\u00e9but novembre\u2026<\/span><\/p>\t\t\t\t\t<\/div>\n\t\t\t\t\t\t<\/div>\n\t\t\t\t<\/div>\n\t\t\t\t\t\t<\/div>\n\t\t\t\t\t<\/div>\n\t\t<\/div>\n\t\t\t\t<div class=\"elementor-column elementor-col-50 elementor-inner-column elementor-element elementor-element-a798e7f\" data-id=\"a798e7f\" data-element_type=\"column\">\n\t\t\t<div class=\"elementor-column-wrap elementor-element-populated\">\n\t\t\t\t\t\t\t<div class=\"elementor-widget-wrap\">\n\t\t\t\t\t\t<div class=\"elementor-element elementor-element-0db6288 elementor-widget elementor-widget-image\" data-id=\"0db6288\" data-element_type=\"widget\" data-widget_type=\"image.default\">\n\t\t\t\t<div class=\"elementor-widget-container\">\n\t\t\t\t\t\t\t\t<div class=\"elementor-image\">\n\t\t\t\t\t\t\t\t\t\t\t\t<img width=\"666\" height=\"1024\" src=\"https:\/\/i1.wp.com\/louisedutheil.com\/roadtrip\/wp-content\/uploads\/2018\/11\/IMG_0317.jpg?fit=666%2C1024\" class=\"attachment-large size-large\" alt=\"\" loading=\"lazy\" srcset=\"https:\/\/i1.wp.com\/louisedutheil.com\/roadtrip\/wp-content\/uploads\/2018\/11\/IMG_0317.jpg?w=1965 1965w, https:\/\/i1.wp.com\/louisedutheil.com\/roadtrip\/wp-content\/uploads\/2018\/11\/IMG_0317.jpg?resize=195%2C300 195w, https:\/\/i1.wp.com\/louisedutheil.com\/roadtrip\/wp-content\/uploads\/2018\/11\/IMG_0317.jpg?resize=768%2C1182 768w, https:\/\/i1.wp.com\/louisedutheil.com\/roadtrip\/wp-content\/uploads\/2018\/11\/IMG_0317.jpg?resize=666%2C1024 666w\" sizes=\"(max-width: 666px) 100vw, 666px\" data-attachment-id=\"262\" data-permalink=\"http:\/\/louisedutheil.com\/roadtrip\/about\/img_0317\/\" data-orig-file=\"https:\/\/i1.wp.com\/louisedutheil.com\/roadtrip\/wp-content\/uploads\/2018\/11\/IMG_0317.jpg?fit=1965%2C3023\" data-orig-size=\"1965,3023\" data-comments-opened=\"1\" data-image-meta=\"{&quot;aperture&quot;:&quot;1.8&quot;,&quot;credit&quot;:&quot;&quot;,&quot;camera&quot;:&quot;iPhone 8&quot;,&quot;caption&quot;:&quot;&quot;,&quot;created_timestamp&quot;:&quot;1541767874&quot;,&quot;copyright&quot;:&quot;&quot;,&quot;focal_length&quot;:&quot;3.99&quot;,&quot;iso&quot;:&quot;40&quot;,&quot;shutter_speed&quot;:&quot;0.0083333333333333&quot;,&quot;title&quot;:&quot;&quot;,&quot;orientation&quot;:&quot;0&quot;}\" data-image-title=\"Louise Dutheil\" data-image-description=\"\" data-medium-file=\"https:\/\/i1.wp.com\/louisedutheil.com\/roadtrip\/wp-content\/uploads\/2018\/11\/IMG_0317.jpg?fit=195%2C300\" data-large-file=\"https:\/\/i1.wp.com\/louisedutheil.com\/roadtrip\/wp-content\/uploads\/2018\/11\/IMG_0317.jpg?fit=666%2C1024\" \/>\t\t\t\t\t\t\t\t\t\t\t\t\t\t<\/div>\n\t\t\t\t\t\t<\/div>\n\t\t\t\t<\/div>\n\t\t\t\t\t\t<\/div>\n\t\t\t\t\t<\/div>\n\t\t<\/div>\n\t\t\t\t\t\t\t\t<\/div>\n\t\t\t\t\t<\/div>\n\t\t<\/section>\n\t\t\t\t\t\t<\/div>\n\t\t\t\t\t<\/div>\n\t\t<\/div>\n\t\t\t\t\t\t\t\t<\/div>\n\t\t\t\t\t<\/div>\n\t\t<\/section>\n\t\t\t\t\t\t<\/div>\n\t\t\t\t\t\t<\/div>\n\t\t\t\t\t<\/div>\n\t\t","protected":false},"excerpt":{"rendered":"<p>Bonjour tout le monde, moi c\u2019est Romane, j\u2019ai bient\u00f4t 21 ans et je suis une Haut-Marnaise dans l\u2019\u00e2me. Ce petit d\u00e9partement paum\u00e9 en pleine campagne m\u2019a appris \u00e0 aimer la nature, les animaux, les randos et la photographie. C\u2019est donc pour \u00e7a qu\u2019apr\u00e8s 3 ans d\u2019\u00e9tudes j\u2019ai valid\u00e9 ma licence en biologie sp\u00e9cialis\u00e9e en comportement [&hellip;]<\/p>\n","protected":false},"author":1,"featured_media":0,"parent":0,"menu_order":0,"comment_status":"closed","ping_status":"closed","template":"","meta":{"spay_email":""},"jetpack_sharing_enabled":true,"jetpack_shortlink":"https:\/\/wp.me\/P9W7yA-3q","jetpack-related-posts":[{"id":385,"url":"http:\/\/louisedutheil.com\/roadtrip\/articles-2\/","url_meta":{"origin":212,"position":0},"title":"Articles","date":"13 d\u00e9cembre 2018","format":false,"excerpt":"Check List Partie III Manger une sucette \u00e0 la beuh \u00e0 Amsterdam. Faire du v\u00e9lo dans les champs de tulipes. Visiter le clocher d\u2019une basilique belge. Sentir que les pintes de bi\u00e8res belges font plus d\u2019effet que les pintes irlandaises. Visiter la Petite France de Strasbourg en v\u00e9lo sous la\u2026","rel":"","context":"Article similaire","img":{"alt_text":"","src":"https:\/\/i0.wp.com\/louisedutheil.com\/roadtrip\/wp-content\/uploads\/2019\/05\/palmiers-masca-1024x683.jpg?resize=350%2C200","width":350,"height":200},"classes":[]}],"_links":{"self":[{"href":"http:\/\/louisedutheil.com\/roadtrip\/wp-json\/wp\/v2\/pages\/212"}],"collection":[{"href":"http:\/\/louisedutheil.com\/roadtrip\/wp-json\/wp\/v2\/pages"}],"about":[{"href":"http:\/\/louisedutheil.com\/roadtrip\/wp-json\/wp\/v2\/types\/page"}],"author":[{"embeddable":true,"href":"http:\/\/louisedutheil.com\/roadtrip\/wp-json\/wp\/v2\/users\/1"}],"replies":[{"embeddable":true,"href":"http:\/\/louisedutheil.com\/roadtrip\/wp-json\/wp\/v2\/comments?post=212"}],"version-history":[{"count":4,"href":"http:\/\/louisedutheil.com\/roadtrip\/wp-json\/wp\/v2\/pages\/212\/revisions"}],"predecessor-version":[{"id":366,"href":"http:\/\/louisedutheil.com\/roadtrip\/wp-json\/wp\/v2\/pages\/212\/revisions\/366"}],"wp:attachment":[{"href":"http:\/\/louisedutheil.com\/roadtrip\/wp-json\/wp\/v2\/media?parent=212"}],"curies":[{"name":"wp","href":"https:\/\/api.w.org\/{rel}","templated":true}]}}