{"id":210,"date":"2018-10-01T16:37:49","date_gmt":"2018-10-01T14:37:49","guid":{"rendered":"http:\/\/louisedutheil.com\/wordpress\/?page_id=210"},"modified":"2019-01-24T18:07:09","modified_gmt":"2019-01-24T17:07:09","slug":"ireland","status":"publish","type":"page","link":"http:\/\/louisedutheil.com\/roadtrip\/photography\/ireland\/","title":{"rendered":"Ireland"},"content":{"rendered":"\t\t<div data-elementor-type=\"wp-post\" data-elementor-id=\"210\" class=\"elementor elementor-210 elementor-bc-flex-widget\" data-elementor-settings=\"[]\">\n\t\t\t\t\t\t<div class=\"elementor-inner\">\n\t\t\t\t\t\t\t<div class=\"elementor-section-wrap\">\n\t\t\t\t\t\t\t<section class=\"elementor-section elementor-top-section elementor-element elementor-element-e64f18f elementor-section-stretched elementor-section-boxed elementor-section-height-default elementor-section-height-default\" data-id=\"e64f18f\" data-element_type=\"section\" data-settings=\"{&quot;stretch_section&quot;:&quot;section-stretched&quot;}\">\n\t\t\t\t\t\t<div class=\"elementor-container elementor-column-gap-default\">\n\t\t\t\t\t\t\t<div class=\"elementor-row\">\n\t\t\t\t\t<div class=\"elementor-column elementor-col-100 elementor-top-column elementor-element elementor-element-d0eb992\" data-id=\"d0eb992\" data-element_type=\"column\">\n\t\t\t<div class=\"elementor-column-wrap elementor-element-populated\">\n\t\t\t\t\t\t\t<div class=\"elementor-widget-wrap\">\n\t\t\t\t\t\t<section class=\"elementor-section elementor-inner-section elementor-element elementor-element-47b5ec7 elementor-section-boxed elementor-section-height-default elementor-section-height-default\" data-id=\"47b5ec7\" data-element_type=\"section\">\n\t\t\t\t\t\t<div class=\"elementor-container elementor-column-gap-default\">\n\t\t\t\t\t\t\t<div class=\"elementor-row\">\n\t\t\t\t\t<div class=\"elementor-column elementor-col-50 elementor-inner-column elementor-element elementor-element-5d9b758\" data-id=\"5d9b758\" data-element_type=\"column\">\n\t\t\t<div class=\"elementor-column-wrap elementor-element-populated\">\n\t\t\t\t\t\t\t<div class=\"elementor-widget-wrap\">\n\t\t\t\t\t\t<div class=\"elementor-element elementor-element-646ec8e elementor-widget elementor-widget-heading\" data-id=\"646ec8e\" data-element_type=\"widget\" data-widget_type=\"heading.default\">\n\t\t\t\t<div class=\"elementor-widget-container\">\n\t\t\t<h2 class=\"elementor-heading-title elementor-size-default\"><a href=\"http:\/\/louisedutheil.com\/roadtrip\/photography\/ireland\/dublin\/\">Dublin<\/a><\/h2>\t\t<\/div>\n\t\t\t\t<\/div>\n\t\t\t\t<div class=\"elementor-element elementor-element-23bce7b elementor-widget elementor-widget-image\" data-id=\"23bce7b\" data-element_type=\"widget\" data-widget_type=\"image.default\">\n\t\t\t\t<div class=\"elementor-widget-container\">\n\t\t\t\t\t\t\t\t<div class=\"elementor-image\">\n\t\t\t\t\t\t\t\t\t\t\t\t\t<a href=\"http:\/\/louisedutheil.com\/roadtrip\/2018\/11\/20\/dublin\/\">\n\t\t\t\t\t\t\t<img width=\"1024\" height=\"683\" src=\"https:\/\/i1.wp.com\/louisedutheil.com\/roadtrip\/wp-content\/uploads\/2018\/11\/P1050175.jpg?fit=1024%2C683\" class=\"attachment-large size-large\" alt=\"\" loading=\"lazy\" srcset=\"https:\/\/i1.wp.com\/louisedutheil.com\/roadtrip\/wp-content\/uploads\/2018\/11\/P1050175.jpg?w=4540 4540w, https:\/\/i1.wp.com\/louisedutheil.com\/roadtrip\/wp-content\/uploads\/2018\/11\/P1050175.jpg?resize=300%2C200 300w, https:\/\/i1.wp.com\/louisedutheil.com\/roadtrip\/wp-content\/uploads\/2018\/11\/P1050175.jpg?resize=768%2C512 768w, https:\/\/i1.wp.com\/louisedutheil.com\/roadtrip\/wp-content\/uploads\/2018\/11\/P1050175.jpg?resize=1024%2C683 1024w, https:\/\/i1.wp.com\/louisedutheil.com\/roadtrip\/wp-content\/uploads\/2018\/11\/P1050175.jpg?resize=1600%2C1066 1600w, https:\/\/i1.wp.com\/louisedutheil.com\/roadtrip\/wp-content\/uploads\/2018\/11\/P1050175.jpg?w=2200 2200w, https:\/\/i1.wp.com\/louisedutheil.com\/roadtrip\/wp-content\/uploads\/2018\/11\/P1050175.jpg?w=3300 3300w\" sizes=\"(max-width: 1024px) 100vw, 1024px\" data-attachment-id=\"276\" data-permalink=\"http:\/\/louisedutheil.com\/roadtrip\/photography\/ireland\/p1050175\/\" data-orig-file=\"https:\/\/i1.wp.com\/louisedutheil.com\/roadtrip\/wp-content\/uploads\/2018\/11\/P1050175.jpg?fit=4540%2C3029\" data-orig-size=\"4540,3029\" data-comments-opened=\"1\" data-image-meta=\"{&quot;aperture&quot;:&quot;6.3&quot;,&quot;credit&quot;:&quot;&quot;,&quot;camera&quot;:&quot;DMC-GX80&quot;,&quot;caption&quot;:&quot;&quot;,&quot;created_timestamp&quot;:&quot;1541682295&quot;,&quot;copyright&quot;:&quot;&quot;,&quot;focal_length&quot;:&quot;13&quot;,&quot;iso&quot;:&quot;200&quot;,&quot;shutter_speed&quot;:&quot;0.033333333333333&quot;,&quot;title&quot;:&quot;&quot;,&quot;orientation&quot;:&quot;0&quot;}\" data-image-title=\"Dublin &#8211; Rue drapeaux\" data-image-description=\"\" data-medium-file=\"https:\/\/i1.wp.com\/louisedutheil.com\/roadtrip\/wp-content\/uploads\/2018\/11\/P1050175.jpg?fit=300%2C200\" data-large-file=\"https:\/\/i1.wp.com\/louisedutheil.com\/roadtrip\/wp-content\/uploads\/2018\/11\/P1050175.jpg?fit=1024%2C683\" \/>\t\t\t\t\t\t\t\t<\/a>\n\t\t\t\t\t\t\t\t\t\t\t\t\t\t<\/div>\n\t\t\t\t\t\t<\/div>\n\t\t\t\t<\/div>\n\t\t\t\t\t\t<\/div>\n\t\t\t\t\t<\/div>\n\t\t<\/div>\n\t\t\t\t<div class=\"elementor-column elementor-col-50 elementor-inner-column elementor-element elementor-element-3f29b22\" data-id=\"3f29b22\" data-element_type=\"column\">\n\t\t\t<div class=\"elementor-column-wrap elementor-element-populated\">\n\t\t\t\t\t\t\t<div class=\"elementor-widget-wrap\">\n\t\t\t\t\t\t<div class=\"elementor-element elementor-element-6946c1c elementor-widget elementor-widget-heading\" data-id=\"6946c1c\" data-element_type=\"widget\" data-widget_type=\"heading.default\">\n\t\t\t\t<div class=\"elementor-widget-container\">\n\t\t\t<h2 class=\"elementor-heading-title elementor-size-default\"><a href=\"http:\/\/louisedutheil.com\/roadtrip\/photography\/ireland\/connemara\/\">Connemara<\/a><\/h2>\t\t<\/div>\n\t\t\t\t<\/div>\n\t\t\t\t<div class=\"elementor-element elementor-element-ba9de7f elementor-widget elementor-widget-image\" data-id=\"ba9de7f\" data-element_type=\"widget\" data-widget_type=\"image.default\">\n\t\t\t\t<div class=\"elementor-widget-container\">\n\t\t\t\t\t\t\t\t<div class=\"elementor-image\">\n\t\t\t\t\t\t\t\t\t\t\t\t\t<a href=\"http:\/\/louisedutheil.com\/roadtrip\/2019\/01\/24\/connemara\/\">\n\t\t\t\t\t\t\t<img width=\"1024\" height=\"683\" src=\"https:\/\/i2.wp.com\/louisedutheil.com\/roadtrip\/wp-content\/uploads\/2018\/11\/P1050623.jpg?fit=1024%2C683\" class=\"attachment-large size-large\" alt=\"\" loading=\"lazy\" srcset=\"https:\/\/i2.wp.com\/louisedutheil.com\/roadtrip\/wp-content\/uploads\/2018\/11\/P1050623.jpg?w=4481 4481w, https:\/\/i2.wp.com\/louisedutheil.com\/roadtrip\/wp-content\/uploads\/2018\/11\/P1050623.jpg?resize=300%2C200 300w, https:\/\/i2.wp.com\/louisedutheil.com\/roadtrip\/wp-content\/uploads\/2018\/11\/P1050623.jpg?resize=768%2C512 768w, https:\/\/i2.wp.com\/louisedutheil.com\/roadtrip\/wp-content\/uploads\/2018\/11\/P1050623.jpg?resize=1024%2C683 1024w, https:\/\/i2.wp.com\/louisedutheil.com\/roadtrip\/wp-content\/uploads\/2018\/11\/P1050623.jpg?resize=1600%2C1066 1600w, https:\/\/i2.wp.com\/louisedutheil.com\/roadtrip\/wp-content\/uploads\/2018\/11\/P1050623.jpg?w=2200 2200w, https:\/\/i2.wp.com\/louisedutheil.com\/roadtrip\/wp-content\/uploads\/2018\/11\/P1050623.jpg?w=3300 3300w\" sizes=\"(max-width: 1024px) 100vw, 1024px\" data-attachment-id=\"292\" data-permalink=\"http:\/\/louisedutheil.com\/roadtrip\/photography\/ireland\/p1050623\/\" data-orig-file=\"https:\/\/i2.wp.com\/louisedutheil.com\/roadtrip\/wp-content\/uploads\/2018\/11\/P1050623.jpg?fit=4481%2C2990\" data-orig-size=\"4481,2990\" data-comments-opened=\"1\" data-image-meta=\"{&quot;aperture&quot;:&quot;6.3&quot;,&quot;credit&quot;:&quot;&quot;,&quot;camera&quot;:&quot;DMC-GX80&quot;,&quot;caption&quot;:&quot;&quot;,&quot;created_timestamp&quot;:&quot;1542377159&quot;,&quot;copyright&quot;:&quot;&quot;,&quot;focal_length&quot;:&quot;12&quot;,&quot;iso&quot;:&quot;400&quot;,&quot;shutter_speed&quot;:&quot;0.0025&quot;,&quot;title&quot;:&quot;&quot;,&quot;orientation&quot;:&quot;0&quot;}\" data-image-title=\"Connemara\" data-image-description=\"\" data-medium-file=\"https:\/\/i2.wp.com\/louisedutheil.com\/roadtrip\/wp-content\/uploads\/2018\/11\/P1050623.jpg?fit=300%2C200\" data-large-file=\"https:\/\/i2.wp.com\/louisedutheil.com\/roadtrip\/wp-content\/uploads\/2018\/11\/P1050623.jpg?fit=1024%2C683\" \/>\t\t\t\t\t\t\t\t<\/a>\n\t\t\t\t\t\t\t\t\t\t\t\t\t\t<\/div>\n\t\t\t\t\t\t<\/div>\n\t\t\t\t<\/div>\n\t\t\t\t\t\t<\/div>\n\t\t\t\t\t<\/div>\n\t\t<\/div>\n\t\t\t\t\t\t\t\t<\/div>\n\t\t\t\t\t<\/div>\n\t\t<\/section>\n\t\t\t\t\t\t<\/div>\n\t\t\t\t\t<\/div>\n\t\t<\/div>\n\t\t\t\t\t\t\t\t<\/div>\n\t\t\t\t\t<\/div>\n\t\t<\/section>\n\t\t\t\t\t\t<\/div>\n\t\t\t\t\t\t<\/div>\n\t\t\t\t\t<\/div>\n\t\t","protected":false},"excerpt":{"rendered":"<p>Dublin Connemara<\/p>\n","protected":false},"author":1,"featured_media":0,"parent":373,"menu_order":0,"comment_status":"closed","ping_status":"closed","template":"","meta":{"spay_email":""},"jetpack_sharing_enabled":true,"jetpack_shortlink":"https:\/\/wp.me\/P9W7yA-3o","jetpack-related-posts":[{"id":373,"url":"http:\/\/louisedutheil.com\/roadtrip\/photography\/","url_meta":{"origin":210,"position":0},"title":"Photography","date":"13 d\u00e9cembre 2018","format":false,"excerpt":"Tenerife L'\u00eele de Skye Ireland","rel":"","context":"Article similaire","img":{"alt_text":"","src":"https:\/\/i0.wp.com\/louisedutheil.com\/roadtrip\/wp-content\/uploads\/2019\/06\/P1070458-2-1024x621.jpg?resize=350%2C200","width":350,"height":200},"classes":[]},{"id":385,"url":"http:\/\/louisedutheil.com\/roadtrip\/articles-2\/","url_meta":{"origin":210,"position":1},"title":"Articles","date":"13 d\u00e9cembre 2018","format":false,"excerpt":"Check List Partie III Manger une sucette \u00e0 la beuh \u00e0 Amsterdam. Faire du v\u00e9lo dans les champs de tulipes. Visiter le clocher d\u2019une basilique belge. Sentir que les pintes de bi\u00e8res belges font plus d\u2019effet que les pintes irlandaises. Visiter la Petite France de Strasbourg en v\u00e9lo sous la\u2026","rel":"","context":"Article similaire","img":{"alt_text":"","src":"https:\/\/i0.wp.com\/louisedutheil.com\/roadtrip\/wp-content\/uploads\/2019\/05\/palmiers-masca-1024x683.jpg?resize=350%2C200","width":350,"height":200},"classes":[]}],"_links":{"self":[{"href":"http:\/\/louisedutheil.com\/roadtrip\/wp-json\/wp\/v2\/pages\/210"}],"collection":[{"href":"http:\/\/louisedutheil.com\/roadtrip\/wp-json\/wp\/v2\/pages"}],"about":[{"href":"http:\/\/louisedutheil.com\/roadtrip\/wp-json\/wp\/v2\/types\/page"}],"author":[{"embeddable":true,"href":"http:\/\/louisedutheil.com\/roadtrip\/wp-json\/wp\/v2\/users\/1"}],"replies":[{"embeddable":true,"href":"http:\/\/louisedutheil.com\/roadtrip\/wp-json\/wp\/v2\/comments?post=210"}],"version-history":[{"count":14,"href":"http:\/\/louisedutheil.com\/roadtrip\/wp-json\/wp\/v2\/pages\/210\/revisions"}],"predecessor-version":[{"id":487,"href":"http:\/\/louisedutheil.com\/roadtrip\/wp-json\/wp\/v2\/pages\/210\/revisions\/487"}],"up":[{"embeddable":true,"href":"http:\/\/louisedutheil.com\/roadtrip\/wp-json\/wp\/v2\/pages\/373"}],"wp:attachment":[{"href":"http:\/\/louisedutheil.com\/roadtrip\/wp-json\/wp\/v2\/media?parent=210"}],"curies":[{"name":"wp","href":"https:\/\/api.w.org\/{rel}","templated":true}]}}